{"id":485,"date":"2011-01-17T12:37:24","date_gmt":"2011-01-17T11:37:24","guid":{"rendered":"http:\/\/aleruggero.com\/bienvenid"},"modified":"2011-01-17T12:37:24","modified_gmt":"2011-01-17T12:37:24","slug":"bienvenid","status":"publish","type":"page","link":"https:\/\/aleruggero.com\/ca","title":{"rendered":"Bienvenid@"},"content":{"rendered":"<p style=\"text-align: justify;\">Est\u00e1s en la p\u00e1gina del psic\u00f3logo <strong>Alejandro Ruggero<\/strong>.<\/p>\n<p style=\"text-align: justify;\">Me dedico al <strong>acompa\u00f1amiento<\/strong> de procesos de desarrollo personal, grupal y colectivo. Mi trabajo tiene como <strong>objetivo<\/strong> primordial \u00a0el <strong>\u201cbien estar\u201d<\/strong> de las <strong>personas<\/strong> y c\u00f3mo trasladarlo a la <strong>relaci\u00f3n<\/strong> con nosotros mismos, la <strong>pareja o<\/strong> la <strong>familia<\/strong>, los equipos de <strong>trabajo<\/strong>, las <strong>comunidades educativas<\/strong> y los espacios de <strong>participaci\u00f3n social<\/strong>.<\/p>\n<p style=\"text-align: justify;\">Planteo mis posibilidades de intervenci\u00f3n desde una <strong>perspectiva integradora<\/strong>, trabajando siempre a partir de la <strong>demanda<\/strong> del cliente y buscando encuadrarla en el <strong>plano de relaci\u00f3n<\/strong> o el <strong>\u00e1mbito<\/strong> m\u00e1s id\u00f3neo\u00a0 para su satisfacci\u00f3n.<\/p>\n<p style=\"text-align: justify;\">Los \u00e1mbitos en que desarrollo mi actividad profesional son los siguientes:<\/p>\n<ul>\n<li><strong>Psicoterapia<\/strong> individual, de pareja , grupal o familiar.<\/li>\n<li><strong>Supervisi\u00f3n<\/strong> de profesionales de la salud y la educaci\u00f3n.<\/li>\n<li><strong>Asesoramiento<\/strong> y dise\u00f1o de procesos de intervenci\u00f3n\u00a0 terap\u00e9utica, educativa y comunitaria.<\/li>\n<li><strong>Mediaci\u00f3n<\/strong> familiar, escolar y comunitaria.<\/li>\n<li>Programas de <strong>formaci\u00f3n<\/strong>.<\/li>\n<\/ul>\n<p>Puedes acceder\u00a0 al apartado <strong>Bio Profesional<\/strong> para conocer algunas de las experiencias en las que he participado.<\/p>\n<p style=\"text-align: justify;\">Si necesitas m\u00e1s informaci\u00f3n sobre el trabajo que realizo o tienes alguna inquietud, ponte en contacto conmigo a trav\u00e9s del correo electr\u00f3nico o directamente por tel\u00e9fono (preferible).<\/p>\n<p style=\"text-align: justify;\">Te devolver\u00e9 la llamada lo antes posible. Gracias.<\/p>\n","protected":false},"excerpt":{"rendered":"<p>Est\u00e1s en la p\u00e1gina del psic\u00f3logo Alejandro Ruggero. Me dedico al acompa\u00f1amiento de procesos de desarrollo personal, grupal y colectivo. Mi trabajo tiene como objetivo primordial \u00a0el \u201cbien estar\u201d de las personas y c\u00f3mo trasladarlo a la relaci\u00f3n con nosotros mismos, la pareja o la familia, los equipos de trabajo, las comunidades educativas y los [&hellip;]<\/p>\n","protected":false},"author":1,"featured_media":0,"parent":0,"menu_order":0,"comment_status":"closed","ping_status":"closed","template":"","meta":{"ngg_post_thumbnail":0,"footnotes":""},"class_list":["post-485","page","type-page","status-publish","hentry"],"aioseo_notices":[],"_links":{"self":[{"href":"https:\/\/aleruggero.com\/ca\/wp-json\/wp\/v2\/pages\/485","targetHints":{"allow":["GET"]}}],"collection":[{"href":"https:\/\/aleruggero.com\/ca\/wp-json\/wp\/v2\/pages"}],"about":[{"href":"https:\/\/aleruggero.com\/ca\/wp-json\/wp\/v2\/types\/page"}],"author":[{"embeddable":true,"href":"https:\/\/aleruggero.com\/ca\/wp-json\/wp\/v2\/users\/1"}],"replies":[{"embeddable":true,"href":"https:\/\/aleruggero.com\/ca\/wp-json\/wp\/v2\/comments?post=485"}],"version-history":[{"count":0,"href":"https:\/\/aleruggero.com\/ca\/wp-json\/wp\/v2\/pages\/485\/revisions"}],"wp:attachment":[{"href":"https:\/\/aleruggero.com\/ca\/wp-json\/wp\/v2\/media?parent=485"}],"curies":[{"name":"wp","href":"https:\/\/api.w.org\/{rel}","templated":true}]}}