{"id":487,"date":"2011-01-20T08:56:52","date_gmt":"2011-01-20T07:56:52","guid":{"rendered":"http:\/\/aleruggero.com\/psicoterapia"},"modified":"2011-01-20T08:56:52","modified_gmt":"2011-01-20T08:56:52","slug":"psicoterapia","status":"publish","type":"page","link":"https:\/\/aleruggero.com\/ca\/psicoterapia","title":{"rendered":"Psicoterapia"},"content":{"rendered":"<p>Psicoterapia de orientaci\u00f3n constructivista-sist\u00e9mica, human\u00edstica y existencial. Pronto podr\u00e1s acceder a toda la informaci\u00f3n relacionada con esta secci\u00f3n. Gracias.<\/p>\n","protected":false},"excerpt":{"rendered":"<p>Psicoterapia de orientaci\u00f3n constructivista-sist\u00e9mica, human\u00edstica y existencial. Pronto podr\u00e1s acceder a toda la informaci\u00f3n relacionada con esta secci\u00f3n. Gracias.<\/p>\n","protected":false},"author":1,"featured_media":0,"parent":0,"menu_order":1,"comment_status":"closed","ping_status":"open","template":"","meta":{"ngg_post_thumbnail":0,"footnotes":""},"class_list":["post-487","page","type-page","status-publish","hentry"],"aioseo_notices":[],"_links":{"self":[{"href":"https:\/\/aleruggero.com\/ca\/wp-json\/wp\/v2\/pages\/487","targetHints":{"allow":["GET"]}}],"collection":[{"href":"https:\/\/aleruggero.com\/ca\/wp-json\/wp\/v2\/pages"}],"about":[{"href":"https:\/\/aleruggero.com\/ca\/wp-json\/wp\/v2\/types\/page"}],"author":[{"embeddable":true,"href":"https:\/\/aleruggero.com\/ca\/wp-json\/wp\/v2\/users\/1"}],"replies":[{"embeddable":true,"href":"https:\/\/aleruggero.com\/ca\/wp-json\/wp\/v2\/comments?post=487"}],"version-history":[{"count":0,"href":"https:\/\/aleruggero.com\/ca\/wp-json\/wp\/v2\/pages\/487\/revisions"}],"wp:attachment":[{"href":"https:\/\/aleruggero.com\/ca\/wp-json\/wp\/v2\/media?parent=487"}],"curies":[{"name":"wp","href":"https:\/\/api.w.org\/{rel}","templated":true}]}}