{"id":489,"date":"2011-01-20T09:08:00","date_gmt":"2011-01-20T08:08:00","guid":{"rendered":"http:\/\/aleruggero.com\/educacion-social"},"modified":"2011-01-20T09:08:00","modified_gmt":"2011-01-20T09:08:00","slug":"educacion-social","status":"publish","type":"page","link":"https:\/\/aleruggero.com\/ca\/educacion-social","title":{"rendered":"Educaci\u00f3n Social"},"content":{"rendered":"<p>Amplia experiencia en el desarrollo de proyectos de educaci\u00f3n social comunitaria en medio abierto y en el trabajo con los aspectos personales del profesional que se ponen en juego en estas situaciones. Supervisi\u00f3n y asesoramiento a equipos educativos que intervienen en el \u00e1mbito de protecci\u00f3n de menores (CRAE, etc.).<\/p>\n","protected":false},"excerpt":{"rendered":"<p>Amplia experiencia en el desarrollo de proyectos de educaci\u00f3n social comunitaria en medio abierto y en el trabajo con los aspectos personales del profesional que se ponen en juego en estas situaciones. Supervisi\u00f3n y asesoramiento a equipos educativos que intervienen en el \u00e1mbito de protecci\u00f3n de menores (CRAE, etc.).<\/p>\n","protected":false},"author":1,"featured_media":0,"parent":0,"menu_order":0,"comment_status":"closed","ping_status":"open","template":"","meta":{"ngg_post_thumbnail":0,"footnotes":""},"class_list":["post-489","page","type-page","status-publish","hentry"],"aioseo_notices":[],"_links":{"self":[{"href":"https:\/\/aleruggero.com\/ca\/wp-json\/wp\/v2\/pages\/489","targetHints":{"allow":["GET"]}}],"collection":[{"href":"https:\/\/aleruggero.com\/ca\/wp-json\/wp\/v2\/pages"}],"about":[{"href":"https:\/\/aleruggero.com\/ca\/wp-json\/wp\/v2\/types\/page"}],"author":[{"embeddable":true,"href":"https:\/\/aleruggero.com\/ca\/wp-json\/wp\/v2\/users\/1"}],"replies":[{"embeddable":true,"href":"https:\/\/aleruggero.com\/ca\/wp-json\/wp\/v2\/comments?post=489"}],"version-history":[{"count":0,"href":"https:\/\/aleruggero.com\/ca\/wp-json\/wp\/v2\/pages\/489\/revisions"}],"wp:attachment":[{"href":"https:\/\/aleruggero.com\/ca\/wp-json\/wp\/v2\/media?parent=489"}],"curies":[{"name":"wp","href":"https:\/\/api.w.org\/{rel}","templated":true}]}}