{"id":493,"date":"2011-02-12T13:17:18","date_gmt":"2011-02-12T12:17:18","guid":{"rendered":"http:\/\/aleruggero.com\/bio-professional"},"modified":"2011-02-12T13:17:18","modified_gmt":"2011-02-12T12:17:18","slug":"bio-professional","status":"publish","type":"page","link":"https:\/\/aleruggero.com\/ca\/bio-professional","title":{"rendered":"Bio Professional"},"content":{"rendered":"<h2 style=\"text-align: justify;\"><span style=\"color: #000000;\">Formaci\u00f3n\u00a0<\/span><\/h2>\n<p><img loading=\"lazy\" decoding=\"async\" style=\"border: 0px none; float: right;\" title=\"Alejandro Ruggero\" src=\"http:\/\/aleruggero.com\/wp-content\/uploads\/2012\/02\/foto1-225x300.jpg\" alt=\"Alejandro Ruggero\" width=\"150\" height=\"200\" \/><\/p>\n<ul>\n<li style=\"text-align: justify;\"><strong><span style=\"color: #000000;\">Licenciado en Psicolog\u00eda<\/span><\/strong>. Especialidad Cl\u00ednica: U.N.E.D 1995 a 2001. Colegiado Nro. 13.965.\u00a0 <a href=\"https:\/\/www.copc.org\/component\/option,com_comprofiler\/task,userProfile\/user,24084\/Itemid,258\/\">web COPC<\/a>.<\/li>\n<li style=\"text-align: justify;\"><strong>Formado en el Master en Terapia Cognitivo Social<\/strong>. Universidad de Barcelona.\u00a0\u00a0 <a href=\"https:\/\/www.ub.edu\/tpia_cognitivosocial\/mtcsc\/mtcsc.htm\">web Master<\/a><\/li>\n<li style=\"text-align: justify;\"><strong>Musicoterapeuta<\/strong>. Universidad de Barcelona. Facultad de Medicina. 1994 a 1996. <a href=\"https:\/\/www.il3.ub.edu\/es\/master\/master-musicoterapia.html\">web IL3<\/a><\/li>\n<li style=\"text-align: justify;\"><strong>Ingeniero T\u00e9cnico Inform\u00e1tico<\/strong>. Analista de sistemas, especialidad de gesti\u00f3n. Universidad Aut\u00f3noma de Barcelona. 1990 a 1993.<\/li>\n<li style=\"text-align: justify;\"><strong>Colegio de Educadores y Educadoras Sociales de Catalunya<\/strong>: habilitaci\u00f3n profesional desde el a\u00f1o 1998. Colegiado Nro. 2607.\u00a0 <a href=\"https:\/\/www.ceesc.es\/\">web CEESC<\/a><\/li>\n<li style=\"text-align: justify;\"><strong>Mediador Familiar<\/strong> registrado.<strong> Centre de Mediaci\u00f3 de Dret Privat de Catalunya<\/strong> . <a href=\"https:\/\/www20.gencat.cat\/portal\/site\/Justicia\/menuitem.e6cd25a43dcc91b6bd6b6410b0c0e1a0\/?vgnextoid=5dcbf31f87203110VgnVCM1000008d0c1e0aRCRD&amp;vgnextchannel=5dcbf31f87203110VgnVCM1000008d0c1e0aRCRD&amp;vgnextfmt=default\">web<\/a><\/li>\n<\/ul>\n<h2 style=\"text-align: justify;\"><span style=\"color: #000000;\">Experiencia laboral <\/span><\/h2>\n<p style=\"text-align: justify;\"><span style=\"color: #000000;\"><strong>1992<\/strong>: <strong>Lan Manager\u00a0 en el Centro Principal de Prensa<\/strong>. Juegos Ol\u00edmpicos\u00a0 Barcelona 92.\u00a0 Supervisor de red con m\u00e1s de 300 terminales. Gesti\u00f3n de prioridades, accesibilidad e informaci\u00f3n para los medios acreditados.<\/span><\/p>\n<p style=\"text-align: justify;\"><span style=\"color: #000000;\">Adjunto del Jefe de Inform\u00e1tica. Juegos Paral\u00edmpicos Barcelona 92. Estadio Ol\u00edmpico de Montjuich. Supervisi\u00f3n y coordinaci\u00f3n t\u00e9cnica de la instalaci\u00f3n. Coordinaci\u00f3n de los diferentes equipos de trabajo.<\/span><\/p>\n<p style=\"text-align: justify;\"><span style=\"color: #000000;\"><strong>1991-1998<\/strong>:\u00a0 <strong>Miembro del equipo coordinador del <a href=\"https:\/\/www.paremanel.org\">Grup Muntany\u00e9s<\/a>&#8211;<a href=\"https:\/\/www.obinso.org\/\">Fundaci\u00f3n OBINSO<\/a>, <\/strong>proyecto socio-educativo de las \u201cViviendas del Gorbernador\u201d\u00a0 en Verdum, Distrito de Nou Barris. <\/span><\/p>\n<p style=\"text-align: justify;\"><span style=\"color: #000000;\"><strong>Funciones realizadas<\/strong>: educador de calle; dinamizaci\u00f3n cultural y deportiva; monitor de centro abierto; dise\u00f1o y gesti\u00f3n de proyectos educativos, de salud comunitaria, e integraci\u00f3n (refuerzo escolar, educaci\u00f3n sexual, drogodependencias, escuelas de padres, inmigraci\u00f3n); coordinaci\u00f3n con servicios sociales y entidades.<\/span><\/p>\n<p style=\"text-align: justify;\"><span style=\"color: #000000;\"><strong>1994-1996<\/strong>: <strong>Educador-Tutor de casos individuales<\/strong>. Seguimiento de casos individuales para el EAIA (Equipo de Atenci\u00f3n a la Infancia y Adolescencia) de Nou Barris. Trabajo y seguimiento directo con familias.<\/span><\/p>\n<p style=\"text-align: justify;\"><span style=\"color: #000000;\"><strong>1994-1995<\/strong>: <strong>Educador-Formador-Insertor laboral<\/strong>: Dise\u00f1o y realizaci\u00f3n de un programa de garant\u00eda social para el IMEB (<a href=\"https:\/\/www.bcn.es\/imeb\/plajove\/welcome.htm\">Instituto Municipal de Educaci\u00f3n de Barcelona<\/a>).<\/span><\/p>\n<p style=\"text-align: justify;\"><span style=\"color: #000000;\"><strong>Funciones<\/strong>: dise\u00f1o y preparaci\u00f3n de contenido did\u00e1cticos; proceso de selecci\u00f3n de alumnos (casco antiguo de Barcelona); programa tutorial individual\u00a0 y seguimiento; formaci\u00f3n;\u00a0 b\u00fasqueda, inserci\u00f3n y relaci\u00f3n con las empresas.<\/span><\/p>\n<p style=\"text-align: justify;\"><span style=\"color: #000000;\"><strong>1998-2000<\/strong>: <strong>T\u00e9cnico de Desarrollo Comunitario<\/strong> Miembro del equipo t\u00e9cnico del Plan de Desarrollo Comunitario de Trinitat Nova, Distrito de Nou Barris. <a href=\"https:\/\/trinitatnova.org\/\">web del Pla<\/a> <\/span><\/p>\n<p style=\"text-align: justify;\"><span style=\"color: #000000;\"><strong>Funciones<\/strong>: dise\u00f1o y realizaci\u00f3n de programas comunitarios de intervenci\u00f3n dentro de las \u00e1reas educativa (infancia, j\u00f3venes, adultos y tercera edad), social y de salud (dirigidos a toda la poblaci\u00f3n). Planificaci\u00f3n, coordinaci\u00f3n y seguimiento (t\u00e9cnico y pol\u00edtico) de los siguientes proyectos: Dinamizaci\u00f3n juvenil, Mediaci\u00f3n comunitaria y de conflictos en el IES Roger de Flor y en situaciones de violencia juvenil, \u201cOmnia\u201d de acceso a las nuevas tecnolog\u00edas (inform\u00e1tica y educaci\u00f3n), Centro Infantil \u201cEl Desv\u00e1n\u201d, Dinamizaci\u00f3n Deportiva, Calendario Festivo, Participaci\u00f3n infantil y juvenil en el dise\u00f1o urban\u00edstico (psicolog\u00eda ambiental, Trinitat InNova), revista y puntos de informaci\u00f3n. Gesti\u00f3n econ\u00f3mica de proyectos y desarrollo de proyectos de econom\u00eda social.\u00a0 Supervisi\u00f3n de equipos de trabajo, din\u00e1micas de grupo, promoci\u00f3n y creaci\u00f3n de asociaciones, coordinaci\u00f3n con servicios t\u00e9cnicos implicados en el barrio, seguimiento de casos (servicios sociales y salud mental) y negociaci\u00f3n con las administraciones p\u00fablicas.<\/span><\/p>\n<p style=\"text-align: justify;\"><span style=\"color: #000000;\"><strong>1999-2001<\/strong>: \u00a0Realizaci\u00f3n de un <strong>diagn\u00f3stico comunitario<\/strong> e inicio de un Plan de Desarrollo Comunitario en el barrio de Verdum de Barcelona, Distrito de Nou Barris. <a href=\"https:\/\/www.pcverdum.org\">web del Pla<\/a> <\/span><\/p>\n<p style=\"text-align: justify;\"><span style=\"color: #000000;\"><strong>2001<\/strong>: Realizaci\u00f3n de un <strong>estudio prospectivo<\/strong> mediante m\u00e9todos de investigaci\u00f3n-acci\u00f3n-participativa sobre la situaci\u00f3n de la poblaci\u00f3n inmigrante en el barrio del Tur\u00f3 de la Peira de Barcelona. Accede al documento <a href=\"http:\/\/aleruggero.com\/wp-content\/uploads\/2011\/02\/Los-nuevos-vecinos-y-vecinas-del-Tur%C3%B3-Vilapicina.pdf\">aqu\u00ed<\/a> <\/span><\/p>\n<p style=\"text-align: justify;\"><span style=\"color: #000000;\">Seguimiento y\u00a0 supervisi\u00f3n de diferentes proyectos comunitarios y equipos de trabajo en diferentes \u00e1mbitos: inmigraci\u00f3n, infancia y juventud.<\/span><\/p>\n<p style=\"text-align: justify;\"><span style=\"color: #000000;\"><strong>2001-2002<\/strong>: <strong>Psic\u00f3logo-Musicoterapeuta<\/strong> del Servicio de Salud Mental de Andorra. Hospital Nostra Senyora de Meritxell. Centro de Dia (esquizofrenia), Hospital de D\u00eda y Centro de Agudos. Escola Meritxell (escuela especializada para disminu\u00eddos f\u00edsicos y psiquicos): grupos de estimulaci\u00f3n precoz; Terapia individual y de grupo con adolescentes y j\u00f3venes. Residencia Solar de Enclar: centro de tercera edad, terapia de grupo con pacientes de alzehimer y demencias.<\/span><\/p>\n<p style=\"text-align: justify;\"><span style=\"color: #000000;\"><strong>Febrero del 2003 \u2013 abril 2007: <\/strong>miembro del equipo t\u00e9cnico del Centro de Estada Limitada Al-Qantara,\u00a0 (Dgaia\/Caritas) con adolescentes y j\u00f3venes de origen magreb\u00ed.<\/span><\/p>\n<p style=\"text-align: justify;\"><span style=\"color: #000000;\"><strong>2004:<\/strong> <strong>Escuela de Terapia Familiar del Hospital de Sant Pau<\/strong>: colaboraci\u00f3n como <strong>equipo reflexivo y coterapeuta<\/strong> en el marco del convenio entre la escuela y el Master en Terapia Cognitivo Social. <a href=\"https:\/\/www.santpau.es\/santpau\/etf\/webesp\/inici.htm#escuela\">web de la escuela<\/a> <\/span><\/p>\n<p style=\"text-align: justify;\"><span style=\"color: #000000;\"><strong>2004-2006<\/strong>: <strong>Centro de Salud Mental de Nou Barris<\/strong>: Colaboraci\u00f3n como <strong>psicoterapeuta individual<\/strong> en el marco del convenio con el Master en Terapia Cognitivo Social. <a href=\"https:\/\/www.f9b.org\/es\/que-es\">web de la fundaci\u00f3n<\/a> <\/span><\/p>\n<p style=\"text-align: justify;\"><span style=\"color: #000000;\"><strong>2007-2009:<\/strong> formo parte del equipo t\u00e9cnico del Centro Can Rubi\u00f3, perteneciente al Departament de Acci\u00f3 Social i Ciutadania de la Generalitat de Catalunya, que atiende a menores con problem\u00e1tica familiar asociada a problemas de salud mental.<\/span><\/p>\n<p style=\"text-align: justify;\"><span style=\"color: #000000;\"><strong>2003 a<\/strong><strong> la actualidad<\/strong>: Profesor del Master en Musicoterapia de la Universidad de Barcelona.<\/span><\/p>\n<p style=\"text-align: justify;\"><span style=\"color: #000000;\"><strong>Actualmente<\/strong> formo parte del equipo terap\u00e9utico de la Cl\u00ednica CITA (Centro de investigaci\u00f3n y tratamiento de las adicciones) y desarrollo mi actividad profesional en el <strong>\u00e1mbito privado<\/strong> como psicoterapeuta, mediador familiar, supervisor de equipos educativos y consultor de proyectos comunitarios.<\/span><\/p>\n<h2 style=\"text-align: justify;\"><span style=\"color: #000000;\">Formaci\u00f3<\/span><\/h2>\n<ul>\n<li style=\"text-align: justify;\"><strong><span style=\"color: #000000;\">Llicenciat en Psicologia<\/span><\/strong>. Especialidad Cl\u00ednica: U.N.E.D 1995 a 2001. Colegiado Nro. 13.965.\u00a0 <a href=\"https:\/\/www.copc.org\/component\/option,com_comprofiler\/task,userProfile\/user,24084\/Itemid,258\/\">web COPC<\/a>.<\/li>\n<li style=\"text-align: justify;\"><strong>Formado en el Master en Terapia Cognitivo Social<\/strong>. Universidad de Barcelona.\u00a0\u00a0 <a href=\"https:\/\/www.ub.edu\/tpia_cognitivosocial\/mtcsc\/mtcsc.htm\">web Master<\/a><\/li>\n<li style=\"text-align: justify;\"><strong>Musicoterapeuta<\/strong>. Universidad de Barcelona. Facultad de Medicina. 1994 a 1996. <a href=\"https:\/\/www.il3.ub.edu\/es\/master\/master-musicoterapia.html\">web IL3<\/a><\/li>\n<li style=\"text-align: justify;\"><strong>Ingeniero T\u00e9cnico Inform\u00e1tico<\/strong>. Analista de sistemas, especialidad de gesti\u00f3n. Universidad Aut\u00f3noma de Barcelona. 1990 a 1993.<\/li>\n<li style=\"text-align: justify;\"><strong>Colegio de Educadores y Educadoras Sociales de Catalunya<\/strong>: habilitaci\u00f3n profesional desde el a\u00f1o 1998. Colegiado Nro. 2607.\u00a0 <a href=\"https:\/\/www.ceesc.es\/\">web CEESC<\/a><\/li>\n<li style=\"text-align: justify;\"><strong>Mediador Familiar<\/strong> registrado.<strong> Centre de Mediaci\u00f3 de Dret Privat de Catalunya<\/strong> . <a href=\"https:\/\/www20.gencat.cat\/portal\/site\/Justicia\/menuitem.e6cd25a43dcc91b6bd6b6410b0c0e1a0\/?vgnextoid=5dcbf31f87203110VgnVCM1000008d0c1e0aRCRD&amp;vgnextchannel=5dcbf31f87203110VgnVCM1000008d0c1e0aRCRD&amp;vgnextfmt=default\">web<\/a><\/li>\n<\/ul>\n<h2 style=\"text-align: justify;\"><span style=\"color: #000000;\">Experiencia laboral <\/span><\/h2>\n<p style=\"text-align: justify;\"><span style=\"color: #000000;\"><strong>1992<\/strong>: <strong>Lan Manager\u00a0 en el Centro Principal de Prensa<\/strong>. Juegos Ol\u00edmpicos\u00a0 Barcelona 92.\u00a0 Supervisor de red con m\u00e1s de 300 terminales. Gesti\u00f3n de prioridades, accesibilidad e informaci\u00f3n para los medios acreditados.<\/span><\/p>\n<p style=\"text-align: justify;\"><span style=\"color: #000000;\">Adjunto del Jefe de Inform\u00e1tica. Juegos Paral\u00edmpicos Barcelona 92. Estadio Ol\u00edmpico de Montjuich. Supervisi\u00f3n y coordinaci\u00f3n t\u00e9cnica de la instalaci\u00f3n. Coordinaci\u00f3n de los diferentes equipos de trabajo.<\/span><\/p>\n<p style=\"text-align: justify;\"><span style=\"color: #000000;\"><strong>1991-1998<\/strong>:\u00a0 <strong>Miembro del equipo coordinador del <a href=\"https:\/\/www.paremanel.org\">Grup Muntany\u00e9s<\/a>&#8211;<a href=\"https:\/\/www.obinso.org\/\">Fundaci\u00f3n OBINSO<\/a>, <\/strong>proyecto socio-educativo de las \u201cViviendas del Gorbernador\u201d\u00a0 en Verdum, Distrito de Nou Barris. <\/span><\/p>\n<p style=\"text-align: justify;\"><span style=\"color: #000000;\"><strong>Funciones realizadas<\/strong>: educador de calle; dinamizaci\u00f3n cultural y deportiva; monitor de centro abierto; dise\u00f1o y gesti\u00f3n de proyectos educativos, de salud comunitaria, e integraci\u00f3n (refuerzo escolar, educaci\u00f3n sexual, drogodependencias, escuelas de padres, inmigraci\u00f3n); coordinaci\u00f3n con servicios sociales y entidades.<\/span><\/p>\n<p style=\"text-align: justify;\"><span style=\"color: #000000;\"><strong>1994-1996<\/strong>: <strong>Educador-Tutor de casos individuales<\/strong>. Seguimiento de casos individuales para el EAIA (Equipo de Atenci\u00f3n a la Infancia y Adolescencia) de Nou Barris. Trabajo y seguimiento directo con familias.<\/span><\/p>\n<p style=\"text-align: justify;\"><span style=\"color: #000000;\"><strong>1994-1995<\/strong>: <strong>Educador-Formador-Insertor laboral<\/strong>: Dise\u00f1o y realizaci\u00f3n de un programa de garant\u00eda social para el IMEB (<a href=\"https:\/\/www.bcn.es\/imeb\/plajove\/welcome.htm\">Instituto Municipal de Educaci\u00f3n de Barcelona<\/a>).<\/span><\/p>\n<p style=\"text-align: justify;\"><span style=\"color: #000000;\"><strong>Funciones<\/strong>: dise\u00f1o y preparaci\u00f3n de contenido did\u00e1cticos; proceso de selecci\u00f3n de alumnos (casco antiguo de Barcelona); programa tutorial individual\u00a0 y seguimiento; formaci\u00f3n;\u00a0 b\u00fasqueda, inserci\u00f3n y relaci\u00f3n con las empresas.<\/span><\/p>\n<p style=\"text-align: justify;\"><span style=\"color: #000000;\"><strong>1998-2000<\/strong>: <strong>T\u00e9cnico de Desarrollo Comunitario<\/strong> Miembro del equipo t\u00e9cnico del Plan de Desarrollo Comunitario de Trinitat Nova, Distrito de Nou Barris. <a href=\"https:\/\/trinitatnova.org\/\">web del Pla<\/a> <\/span><\/p>\n<p style=\"text-align: justify;\"><span style=\"color: #000000;\"><strong>Funciones<\/strong>: dise\u00f1o y realizaci\u00f3n de programas comunitarios de intervenci\u00f3n dentro de las \u00e1reas educativa (infancia, j\u00f3venes, adultos y tercera edad), social y de salud (dirigidos a toda la poblaci\u00f3n). Planificaci\u00f3n, coordinaci\u00f3n y seguimiento (t\u00e9cnico y pol\u00edtico) de los siguientes proyectos: Dinamizaci\u00f3n juvenil, Mediaci\u00f3n comunitaria y de conflictos en el IES Roger de Flor y en situaciones de violencia juvenil, \u201cOmnia\u201d de acceso a las nuevas tecnolog\u00edas (inform\u00e1tica y educaci\u00f3n), Centro Infantil \u201cEl Desv\u00e1n\u201d, Dinamizaci\u00f3n Deportiva, Calendario Festivo, Participaci\u00f3n infantil y juvenil en el dise\u00f1o urban\u00edstico (psicolog\u00eda ambiental, Trinitat InNova), revista y puntos de informaci\u00f3n. Gesti\u00f3n econ\u00f3mica de proyectos y desarrollo de proyectos de econom\u00eda social.\u00a0 Supervisi\u00f3n de equipos de trabajo, din\u00e1micas de grupo, promoci\u00f3n y creaci\u00f3n de asociaciones, coordinaci\u00f3n con servicios t\u00e9cnicos implicados en el barrio, seguimiento de casos (servicios sociales y salud mental) y negociaci\u00f3n con las administraciones p\u00fablicas.<\/span><\/p>\n<p style=\"text-align: justify;\"><span style=\"color: #000000;\"><strong>1999-2001<\/strong>: \u00a0Realizaci\u00f3n de un <strong>diagn\u00f3stico comunitario<\/strong> e inicio de un Plan de Desarrollo Comunitario en el barrio de Verdum de Barcelona, Distrito de Nou Barris. <a href=\"https:\/\/www.pcverdum.org\">web del Pla<\/a> <\/span><\/p>\n<p style=\"text-align: justify;\"><span style=\"color: #000000;\"><strong>2001<\/strong>: Realizaci\u00f3n de un <strong>estudio prospectivo<\/strong> mediante m\u00e9todos de investigaci\u00f3n-acci\u00f3n-participativa sobre la situaci\u00f3n de la poblaci\u00f3n inmigrante en el barrio del Tur\u00f3 de la Peira de Barcelona. Accede al documento <a href=\"http:\/\/aleruggero.com\/wp-content\/uploads\/2011\/02\/Los-nuevos-vecinos-y-vecinas-del-Tur%C3%B3-Vilapicina.pdf\">aqu\u00ed<\/a> <\/span><\/p>\n<p style=\"text-align: justify;\"><span style=\"color: #000000;\">Seguimiento y\u00a0 supervisi\u00f3n de diferentes proyectos comunitarios y equipos de trabajo en diferentes \u00e1mbitos: inmigraci\u00f3n, infancia y juventud.<\/span><\/p>\n<p style=\"text-align: justify;\"><span style=\"color: #000000;\"><strong>2001-2002<\/strong>: <strong>Psic\u00f3logo-Musicoterapeuta<\/strong> del Servicio de Salud Mental de Andorra. Hospital Nostra Senyora de Meritxell. Centro de Dia (esquizofrenia), Hospital de D\u00eda y Centro de Agudos. Escola Meritxell (escuela especializada para disminu\u00eddos f\u00edsicos y psiquicos): grupos de estimulaci\u00f3n precoz; Terapia individual y de grupo con adolescentes y j\u00f3venes. Residencia Solar de Enclar: centro de tercera edad, terapia de grupo con pacientes de alzehimer y demencias.<\/span><\/p>\n<p style=\"text-align: justify;\"><span style=\"color: #000000;\"><strong>Febrero del 2003 \u2013 abril 2007: <\/strong>miembro del equipo t\u00e9cnico del Centro de Estada Limitada Al-Qantara,\u00a0 (Dgaia\/Caritas) con adolescentes y j\u00f3venes de origen magreb\u00ed.<\/span><\/p>\n<p style=\"text-align: justify;\"><span style=\"color: #000000;\"><strong>2004:<\/strong> <strong>Escuela de Terapia Familiar del Hospital de Sant Pau<\/strong>: colaboraci\u00f3n como <strong>equipo reflexivo y coterapeuta<\/strong> en el marco del convenio entre la escuela y el Master en Terapia Cognitivo Social. <a href=\"https:\/\/www.santpau.es\/santpau\/etf\/webesp\/inici.htm#escuela\">web de la escuela<\/a> <\/span><\/p>\n<p style=\"text-align: justify;\"><span style=\"color: #000000;\"><strong>2004-2006<\/strong>: <strong>Centro de Salud Mental de Nou Barris<\/strong>: Colaboraci\u00f3n como <strong>psicoterapeuta individual<\/strong> en el marco del convenio con el Master en Terapia Cognitivo Social. <a href=\"https:\/\/www.f9b.org\/es\/que-es\">web de la fundaci\u00f3n<\/a> <\/span><\/p>\n<p style=\"text-align: justify;\"><span style=\"color: #000000;\"><strong>2007-2009:<\/strong> formo parte del equipo t\u00e9cnico del Centro Can Rubi\u00f3, perteneciente al Departament de Acci\u00f3 Social i Ciutadania de la Generalitat de Catalunya, que atiende a menores con problem\u00e1tica familiar asociada a problemas de salud mental.<\/span><\/p>\n<p style=\"text-align: justify;\"><span style=\"color: #000000;\"><strong>2003 a<\/strong><strong> la actualidad<\/strong>: Profesor del Master en Musicoterapia de la Universidad de Barcelona.<\/span><\/p>\n<p style=\"text-align: justify;\"><span style=\"color: #000000;\"><strong>Actualmente<\/strong> formo parte del equipo terap\u00e9utico de la Cl\u00ednica CITA (Centro de investigaci\u00f3n y tratamiento de las adicciones) y desarrollo mi actividad profesional en el <strong>\u00e1mbito privado<\/strong> como psicoterapeuta, mediador familiar, supervisor de equipos educativos y consultor de proyectos comunitarios.<\/span><\/p>\n","protected":false},"excerpt":{"rendered":"<p>Formaci\u00f3n\u00a0 Licenciado en Psicolog\u00eda. Especialidad Cl\u00ednica: U.N.E.D 1995 a 2001. Colegiado Nro. 13.965.\u00a0 web COPC. Formado en el Master en Terapia Cognitivo Social. Universidad de Barcelona.\u00a0\u00a0 web Master Musicoterapeuta. Universidad de Barcelona. Facultad de Medicina. 1994 a 1996. web IL3 Ingeniero T\u00e9cnico Inform\u00e1tico. Analista de sistemas, especialidad de gesti\u00f3n. Universidad Aut\u00f3noma de Barcelona. 1990 a [&hellip;]<\/p>\n","protected":false},"author":1,"featured_media":0,"parent":0,"menu_order":0,"comment_status":"closed","ping_status":"open","template":"","meta":{"ngg_post_thumbnail":0,"footnotes":""},"class_list":["post-493","page","type-page","status-publish","hentry"],"aioseo_notices":[],"_links":{"self":[{"href":"https:\/\/aleruggero.com\/ca\/wp-json\/wp\/v2\/pages\/493","targetHints":{"allow":["GET"]}}],"collection":[{"href":"https:\/\/aleruggero.com\/ca\/wp-json\/wp\/v2\/pages"}],"about":[{"href":"https:\/\/aleruggero.com\/ca\/wp-json\/wp\/v2\/types\/page"}],"author":[{"embeddable":true,"href":"https:\/\/aleruggero.com\/ca\/wp-json\/wp\/v2\/users\/1"}],"replies":[{"embeddable":true,"href":"https:\/\/aleruggero.com\/ca\/wp-json\/wp\/v2\/comments?post=493"}],"version-history":[{"count":0,"href":"https:\/\/aleruggero.com\/ca\/wp-json\/wp\/v2\/pages\/493\/revisions"}],"wp:attachment":[{"href":"https:\/\/aleruggero.com\/ca\/wp-json\/wp\/v2\/media?parent=493"}],"curies":[{"name":"wp","href":"https:\/\/api.w.org\/{rel}","templated":true}]}}